{"id":137,"date":"2017-03-29T14:14:40","date_gmt":"2017-03-29T12:14:40","guid":{"rendered":"http:\/\/e-7.ch\/?page_id=137"},"modified":"2017-04-03T06:28:24","modified_gmt":"2017-04-03T04:28:24","slug":"jan-deman","status":"publish","type":"page","link":"https:\/\/e-7.ch\/en\/klanglabor\/crew\/jan-deman\/","title":{"rendered":"Jan DeMan"},"content":{"rendered":"<p>Jan DeMan &#8211; The Voice! Unser S\u00e4nger, Songwriter und Frontman sorgt hinter dem Mikrofon f\u00fcr die passenden Vocals.<\/p>\n<p>&lt; <a href=\"http:\/\/e-7.ch\/klanglabor\/crew\/\">zur\u00fcck zur Crew<\/a><\/p>\n","protected":false},"excerpt":{"rendered":"<p>Jan DeMan &#8211; The Voice! Unser S\u00e4nger, Songwriter und Frontman sorgt hinter dem Mikrofon f\u00fcr die passenden Vocals. &lt; zur\u00fcck zur Crew<\/p>\n","protected":false},"author":1,"featured_media":136,"parent":26,"menu_order":0,"comment_status":"closed","ping_status":"closed","template":"page-klanglabor.php","meta":{"footnotes":""},"class_list":["post-137","page","type-page","status-publish","has-post-thumbnail","hentry"],"translation":{"provider":"WPGlobus","version":"3.0.2","language":"en","enabled_languages":["de","en"],"languages":{"de":{"title":true,"content":true,"excerpt":false},"en":{"title":false,"content":false,"excerpt":false}}},"yoast_head":"<!-- This site is optimized with the Yoast SEO plugin v27.1.1 - https:\/\/yoast.com\/product\/yoast-seo-wordpress\/ -->\n<title>Jan DeMan - E-7 Records<\/title>\n<meta name=\"robots\" content=\"index, follow, max-snippet:-1, max-image-preview:large, max-video-preview:-1\" \/>\n<link rel=\"canonical\" href=\"https:\/\/e-7.ch\/klanglabor\/crew\/jan-deman\/\" \/>\n<meta property=\"og:locale\" content=\"en_US\" \/>\n<meta property=\"og:type\" content=\"article\" \/>\n<meta property=\"og:title\" content=\"Jan DeMan - E-7 Records\" \/>\n<meta property=\"og:url\" content=\"https:\/\/e-7.ch\/klanglabor\/crew\/jan-deman\/\" \/>\n<meta property=\"og:site_name\" content=\"E-7 Records\" \/>\n<meta property=\"article:publisher\" content=\"https:\/\/www.facebook.com\/e7.labor\" \/>\n<meta property=\"article:modified_time\" content=\"2017-04-03T04:28:24+00:00\" \/>\n<meta property=\"og:image\" content=\"https:\/\/e-7.ch\/wp-content\/uploads\/2017\/03\/2017-03-04-E7-Klanglabor-25_1MP.jpg\" \/>\n\t<meta property=\"og:image:width\" content=\"5477\" \/>\n\t<meta property=\"og:image:height\" content=\"3651\" \/>\n\t<meta property=\"og:image:type\" content=\"image\/jpeg\" \/>\n<meta name=\"twitter:card\" content=\"summary_large_image\" \/>\n<script type=\"application\/ld+json\" class=\"yoast-schema-graph\">{\"@context\":\"https:\/\/schema.org\",\"@graph\":[{\"@type\":\"WebPage\",\"@id\":\"https:\/\/e-7.ch\/klanglabor\/crew\/jan-deman\/\",\"url\":\"https:\/\/e-7.ch\/klanglabor\/crew\/jan-deman\/\",\"name\":\"Jan DeMan - E-7 Records\",\"isPartOf\":{\"@id\":\"https:\/\/e-7.ch\/#website\"},\"primaryImageOfPage\":{\"@id\":\"https:\/\/e-7.ch\/klanglabor\/crew\/jan-deman\/#primaryimage\"},\"image\":{\"@id\":\"https:\/\/e-7.ch\/klanglabor\/crew\/jan-deman\/#primaryimage\"},\"thumbnailUrl\":\"https:\/\/e-7.ch\/wp-content\/uploads\/2017\/03\/2017-03-04-E7-Klanglabor-25_1MP.jpg\",\"datePublished\":\"2017-03-29T12:14:40+00:00\",\"dateModified\":\"2017-04-03T04:28:24+00:00\",\"description\":\"Mitglied Jan DeMan von E-7 Klanglabor\",\"breadcrumb\":{\"@id\":\"https:\/\/e-7.ch\/klanglabor\/crew\/jan-deman\/#breadcrumb\"},\"inLanguage\":\"en-US\",\"potentialAction\":[{\"@type\":\"ReadAction\",\"target\":[\"https:\/\/e-7.ch\/klanglabor\/crew\/jan-deman\/\"]}]},{\"@type\":\"ImageObject\",\"inLanguage\":\"en-US\",\"@id\":\"https:\/\/e-7.ch\/klanglabor\/crew\/jan-deman\/#primaryimage\",\"url\":\"https:\/\/e-7.ch\/wp-content\/uploads\/2017\/03\/2017-03-04-E7-Klanglabor-25_1MP.jpg\",\"contentUrl\":\"https:\/\/e-7.ch\/wp-content\/uploads\/2017\/03\/2017-03-04-E7-Klanglabor-25_1MP.jpg\",\"width\":5477,\"height\":3651,\"caption\":\"Jan DeMan\"},{\"@type\":\"BreadcrumbList\",\"@id\":\"https:\/\/e-7.ch\/klanglabor\/crew\/jan-deman\/#breadcrumb\",\"itemListElement\":[{\"@type\":\"ListItem\",\"position\":1,\"name\":\"Startseite\",\"item\":\"https:\/\/e-7.ch\/\"},{\"@type\":\"ListItem\",\"position\":2,\"name\":\"E-7 Klanglabor News\",\"item\":\"https:\/\/e-7.ch\/klanglabor\/\"},{\"@type\":\"ListItem\",\"position\":3,\"name\":\"E-7 Klanglabor Crew\",\"item\":\"https:\/\/e-7.ch\/klanglabor\/crew\/\"},{\"@type\":\"ListItem\",\"position\":4,\"name\":\"Jan DeMan\"}]},{\"@type\":\"WebSite\",\"@id\":\"https:\/\/e-7.ch\/#website\",\"url\":\"https:\/\/e-7.ch\/\",\"name\":\"E-7 Records\",\"description\":\"The cool music label from the Lakeland\",\"publisher\":{\"@id\":\"https:\/\/e-7.ch\/#organization\"},\"potentialAction\":[{\"@type\":\"SearchAction\",\"target\":{\"@type\":\"EntryPoint\",\"urlTemplate\":\"https:\/\/e-7.ch\/?s={search_term_string}\"},\"query-input\":{\"@type\":\"PropertyValueSpecification\",\"valueRequired\":true,\"valueName\":\"search_term_string\"}}],\"inLanguage\":\"en-US\"},{\"@type\":\"Organization\",\"@id\":\"https:\/\/e-7.ch\/#organization\",\"name\":\"Band\",\"url\":\"https:\/\/e-7.ch\/\",\"logo\":{\"@type\":\"ImageObject\",\"inLanguage\":\"en-US\",\"@id\":\"https:\/\/e-7.ch\/#\/schema\/logo\/image\/\",\"url\":\"https:\/\/e-7.ch\/wp-content\/uploads\/2017\/04\/E7-Klanglabor-G-Logo-Transparent.png\",\"contentUrl\":\"https:\/\/e-7.ch\/wp-content\/uploads\/2017\/04\/E7-Klanglabor-G-Logo-Transparent.png\",\"width\":512,\"height\":468,\"caption\":\"Band\"},\"image\":{\"@id\":\"https:\/\/e-7.ch\/#\/schema\/logo\/image\/\"},\"sameAs\":[\"https:\/\/www.facebook.com\/e7.labor\",\"https:\/\/www.youtube.com\/channel\/UCCW-se9u0FjB5Rja8RIO9WQ\"]}]}<\/script>\n<!-- \/ Yoast SEO plugin. -->","yoast_head_json":{"title":"Jan DeMan - E-7 Records","robots":{"index":"index","follow":"follow","max-snippet":"max-snippet:-1","max-image-preview":"max-image-preview:large","max-video-preview":"max-video-preview:-1"},"canonical":"https:\/\/e-7.ch\/klanglabor\/crew\/jan-deman\/","og_locale":"en_US","og_type":"article","og_title":"Jan DeMan - E-7 Records","og_url":"https:\/\/e-7.ch\/klanglabor\/crew\/jan-deman\/","og_site_name":"E-7 Records","article_publisher":"https:\/\/www.facebook.com\/e7.labor","article_modified_time":"2017-04-03T04:28:24+00:00","og_image":[{"width":5477,"height":3651,"url":"https:\/\/e-7.ch\/wp-content\/uploads\/2017\/03\/2017-03-04-E7-Klanglabor-25_1MP.jpg","type":"image\/jpeg"}],"twitter_card":"summary_large_image","schema":{"@context":"https:\/\/schema.org","@graph":[{"@type":"WebPage","@id":"https:\/\/e-7.ch\/klanglabor\/crew\/jan-deman\/","url":"https:\/\/e-7.ch\/klanglabor\/crew\/jan-deman\/","name":"Jan DeMan - E-7 Records","isPartOf":{"@id":"https:\/\/e-7.ch\/#website"},"primaryImageOfPage":{"@id":"https:\/\/e-7.ch\/klanglabor\/crew\/jan-deman\/#primaryimage"},"image":{"@id":"https:\/\/e-7.ch\/klanglabor\/crew\/jan-deman\/#primaryimage"},"thumbnailUrl":"https:\/\/e-7.ch\/wp-content\/uploads\/2017\/03\/2017-03-04-E7-Klanglabor-25_1MP.jpg","datePublished":"2017-03-29T12:14:40+00:00","dateModified":"2017-04-03T04:28:24+00:00","description":"Mitglied Jan DeMan von E-7 Klanglabor","breadcrumb":{"@id":"https:\/\/e-7.ch\/klanglabor\/crew\/jan-deman\/#breadcrumb"},"inLanguage":"en-US","potentialAction":[{"@type":"ReadAction","target":["https:\/\/e-7.ch\/klanglabor\/crew\/jan-deman\/"]}]},{"@type":"ImageObject","inLanguage":"en-US","@id":"https:\/\/e-7.ch\/klanglabor\/crew\/jan-deman\/#primaryimage","url":"https:\/\/e-7.ch\/wp-content\/uploads\/2017\/03\/2017-03-04-E7-Klanglabor-25_1MP.jpg","contentUrl":"https:\/\/e-7.ch\/wp-content\/uploads\/2017\/03\/2017-03-04-E7-Klanglabor-25_1MP.jpg","width":5477,"height":3651,"caption":"Jan DeMan"},{"@type":"BreadcrumbList","@id":"https:\/\/e-7.ch\/klanglabor\/crew\/jan-deman\/#breadcrumb","itemListElement":[{"@type":"ListItem","position":1,"name":"Startseite","item":"https:\/\/e-7.ch\/"},{"@type":"ListItem","position":2,"name":"E-7 Klanglabor News","item":"https:\/\/e-7.ch\/klanglabor\/"},{"@type":"ListItem","position":3,"name":"E-7 Klanglabor Crew","item":"https:\/\/e-7.ch\/klanglabor\/crew\/"},{"@type":"ListItem","position":4,"name":"Jan DeMan"}]},{"@type":"WebSite","@id":"https:\/\/e-7.ch\/#website","url":"https:\/\/e-7.ch\/","name":"E-7 Records","description":"The cool music label from the Lakeland","publisher":{"@id":"https:\/\/e-7.ch\/#organization"},"potentialAction":[{"@type":"SearchAction","target":{"@type":"EntryPoint","urlTemplate":"https:\/\/e-7.ch\/?s={search_term_string}"},"query-input":{"@type":"PropertyValueSpecification","valueRequired":true,"valueName":"search_term_string"}}],"inLanguage":"en-US"},{"@type":"Organization","@id":"https:\/\/e-7.ch\/#organization","name":"Band","url":"https:\/\/e-7.ch\/","logo":{"@type":"ImageObject","inLanguage":"en-US","@id":"https:\/\/e-7.ch\/#\/schema\/logo\/image\/","url":"https:\/\/e-7.ch\/wp-content\/uploads\/2017\/04\/E7-Klanglabor-G-Logo-Transparent.png","contentUrl":"https:\/\/e-7.ch\/wp-content\/uploads\/2017\/04\/E7-Klanglabor-G-Logo-Transparent.png","width":512,"height":468,"caption":"Band"},"image":{"@id":"https:\/\/e-7.ch\/#\/schema\/logo\/image\/"},"sameAs":["https:\/\/www.facebook.com\/e7.labor","https:\/\/www.youtube.com\/channel\/UCCW-se9u0FjB5Rja8RIO9WQ"]}]}},"_links":{"self":[{"href":"https:\/\/e-7.ch\/en\/wp-json\/wp\/v2\/pages\/137","targetHints":{"allow":["GET"]}}],"collection":[{"href":"https:\/\/e-7.ch\/en\/wp-json\/wp\/v2\/pages"}],"about":[{"href":"https:\/\/e-7.ch\/en\/wp-json\/wp\/v2\/types\/page"}],"author":[{"embeddable":true,"href":"https:\/\/e-7.ch\/en\/wp-json\/wp\/v2\/users\/1"}],"replies":[{"embeddable":true,"href":"https:\/\/e-7.ch\/en\/wp-json\/wp\/v2\/comments?post=137"}],"version-history":[{"count":6,"href":"https:\/\/e-7.ch\/en\/wp-json\/wp\/v2\/pages\/137\/revisions"}],"predecessor-version":[{"id":484,"href":"https:\/\/e-7.ch\/en\/wp-json\/wp\/v2\/pages\/137\/revisions\/484"}],"up":[{"embeddable":true,"href":"https:\/\/e-7.ch\/en\/wp-json\/wp\/v2\/pages\/26"}],"wp:featuredmedia":[{"embeddable":true,"href":"https:\/\/e-7.ch\/en\/wp-json\/wp\/v2\/media\/136"}],"wp:attachment":[{"href":"https:\/\/e-7.ch\/en\/wp-json\/wp\/v2\/media?parent=137"}],"curies":[{"name":"wp","href":"https:\/\/api.w.org\/{rel}","templated":true}]}}